{"id":357,"date":"2016-04-15T15:41:29","date_gmt":"2016-04-15T15:41:29","guid":{"rendered":"http:\/\/dev.thesprout.co.uk\/?page_id=357"},"modified":"2024-12-02T18:40:40","modified_gmt":"2024-12-02T18:40:40","slug":"uncrc","status":"publish","type":"page","link":"https:\/\/youngwrexham.co.uk\/cy\/info\/dy-lais-dy-wrecsam\/uncrc\/","title":{"rendered":"Hawliau Plant a Phobl Ifanc"},"content":{"rendered":"\n<h2 class=\"wp-block-heading\"><kbd><strong>AR Y DUDALEN HON<\/strong><\/kbd>&#8230;<\/h2>\n\n\n\n<div class=\"wp-block-columns is-layout-flex wp-container-core-columns-is-layout-9d6595d7 wp-block-columns-is-layout-flex\">\n<div class=\"wp-block-column is-layout-flow wp-block-column-is-layout-flow\">\n<div style=\"height:100px\" aria-hidden=\"true\" class=\"wp-block-spacer\"><\/div>\n<\/div>\n\n\n\n<div class=\"wp-block-column is-vertically-aligned-top has-small-font-size is-layout-flow wp-block-column-is-layout-flow\" style=\"flex-basis:20%\">\n<figure class=\"wp-block-image size-large\"><img decoding=\"async\" src=\"https:\/\/youngwrexham.co.uk\/wp-content\/uploads\/2023\/11\/11-1024x1024.png\" alt=\"\" class=\"wp-image-62505\"\/><\/figure>\n\n\n\n<p class=\"has-text-align-center\" style=\"text-transform:none\"><strong>Hawliau Dynol<\/strong><\/p>\n<\/div>\n\n\n\n<div class=\"wp-block-column is-layout-flow wp-block-column-is-layout-flow\">\n<div style=\"height:100px\" aria-hidden=\"true\" class=\"wp-block-spacer\"><\/div>\n<\/div>\n\n\n\n<div class=\"wp-block-column is-vertically-aligned-top has-small-font-size is-layout-flow wp-block-column-is-layout-flow\" style=\"flex-basis:20%\">\n<figure class=\"wp-block-image size-large\"><img decoding=\"async\" src=\"https:\/\/youngwrexham.co.uk\/wp-content\/uploads\/2023\/11\/12-1024x1024.png\" alt=\"\" class=\"wp-image-62506\"\/><\/figure>\n\n\n\n<p class=\"has-text-align-center\"><strong>Beth yw Hawliau Plant?<\/strong><\/p>\n<\/div>\n\n\n\n<div class=\"wp-block-column is-layout-flow wp-block-column-is-layout-flow\">\n<div style=\"height:100px\" aria-hidden=\"true\" class=\"wp-block-spacer\"><\/div>\n<\/div>\n\n\n\n<div class=\"wp-block-column is-vertically-aligned-top has-small-font-size is-layout-flow wp-block-column-is-layout-flow\" style=\"flex-basis:20%\">\n<figure class=\"wp-block-image size-large\"><img decoding=\"async\" src=\"https:\/\/youngwrexham.co.uk\/wp-content\/uploads\/2023\/11\/13-1024x1024.png\" alt=\"\" class=\"wp-image-62507\"\/><\/figure>\n\n\n\n<p class=\"has-text-align-center\"><strong>Eisiau gwybod mwy?<\/strong><\/p>\n<\/div>\n\n\n\n<div class=\"wp-block-column is-layout-flow wp-block-column-is-layout-flow\">\n<div style=\"height:100px\" aria-hidden=\"true\" class=\"wp-block-spacer\"><\/div>\n<\/div>\n<\/div>\n\n\n\n<hr class=\"wp-block-separator has-text-color has-vivid-red-color has-alpha-channel-opacity has-vivid-red-background-color has-background is-style-wide\"\/>\n\n\n\n<h2 class=\"wp-block-heading\" style=\"text-transform:uppercase\"><kbd><strong>Hawliau Dynol<\/strong><\/kbd><\/h2>\n\n\n\n<div class=\"wp-block-columns is-layout-flex wp-container-core-columns-is-layout-9d6595d7 wp-block-columns-is-layout-flex\">\n<div class=\"wp-block-column is-layout-flow wp-block-column-is-layout-flow\">\n<p class=\"has-text-align-center has-background\" style=\"background:linear-gradient(135deg,rgb(250,226,205) 0%,rgb(250,226,205) 100%)\">Hawliau Dynol ydi\u2019r hawliau a\u2019r rhyddid sylfaenol sy\u2019n perthyn i bawb yn y byd, o\u2019r crud i\u2019r bedd. Mae gen ti hawliau dim ots o ble rwyt ti\u2019n dod, beth wyt ti\u2019n ei gredu neu sut wyt ti\u2019n dewis byw dy fywyd.&nbsp; Mae Hawliau Dynol yn werthoedd sy\u2019n cadw\u2019r gymdeithas yn deg, gyfiawn a chyfartal.&nbsp; Maent ar waith i amddiffyn plant, yr henoed, a phawb yn y canol.&nbsp;<\/p>\n\n\n\n<figure class=\"wp-block-embed aligncenter is-type-video is-provider-youtube wp-block-embed-youtube wp-embed-aspect-16-9 wp-has-aspect-ratio\"><div class=\"wp-block-embed__wrapper\">\n<iframe loading=\"lazy\" title=\"Human Rights Explained In A Beautiful Two Minute Animation\" width=\"500\" height=\"281\" src=\"https:\/\/www.youtube.com\/embed\/pRGhrYmUjU4?feature=oembed\" frameborder=\"0\" allow=\"accelerometer; autoplay; clipboard-write; encrypted-media; gyroscope; picture-in-picture; web-share\" referrerpolicy=\"strict-origin-when-cross-origin\" allowfullscreen><\/iframe>\n<\/div><\/figure>\n\n\n\n<div style=\"height:25px\" aria-hidden=\"true\" class=\"wp-block-spacer\"><\/div>\n\n\n\n<p class=\"has-text-align-center has-background\" style=\"background:linear-gradient(135deg,rgb(233,216,246) 0%,rgb(233,216,246) 100%)\">Gwyliwch y fideo hwn i ddysgu mwy neu cliciwch <a href=\"https:\/\/www.un.org\/en\/about-us\/universal-declaration-of-human-rights\" data-type=\"link\" data-id=\"https:\/\/www.un.org\/en\/about-us\/universal-declaration-of-human-rights\">ar y ddolen<\/a> am restr lawn o Hawliau Dynol.<\/p>\n<\/div>\n<\/div>\n\n\n\n<hr class=\"wp-block-separator has-text-color has-vivid-red-color has-alpha-channel-opacity has-vivid-red-background-color has-background is-style-wide\"\/>\n\n\n\n<h2 class=\"wp-block-heading\" style=\"text-transform:uppercase\"><kbd><strong><strong>Beth yw Hawliau Plant?<\/strong><\/strong><\/kbd><\/h2>\n\n\n\n<div class=\"wp-block-columns is-layout-flex wp-container-core-columns-is-layout-9d6595d7 wp-block-columns-is-layout-flex\">\n<div class=\"wp-block-column is-layout-flow wp-block-column-is-layout-flow\" style=\"flex-basis:15%\"><div class=\"wp-block-image\">\n<figure class=\"aligncenter size-large\"><img decoding=\"async\" src=\"https:\/\/youngwrexham.co.uk\/wp-content\/uploads\/2023\/11\/Grantiau-3-3-815x1024.png\" alt=\"\" class=\"wp-image-62434\"\/><\/figure>\n<\/div>\n\n\n<div data-wp-interactive=\"core\/file\" class=\"wp-block-file aligncenter\"><object data-wp-bind--hidden=\"!state.hasPdfPreview\" hidden class=\"wp-block-file__embed\" data=\"https:\/\/youngwrexham.co.uk\/cy\/wp-content\/uploads\/sites\/3\/2023\/11\/Large-UNCRC-white.pdf\" type=\"application\/pdf\" style=\"width:100%;height:600px\" aria-label=\"Embed of &lt;a href=&quot;https:\/\/youngwrexham.co.uk\/wp-content\/uploads\/2023\/11\/UNCRC-A3-white.pdf&quot;&gt;Cliciwch yma am grynodeb o Gonfensiwn y Cenhedloedd Unedig ar Hawliau\u2019r Plentyn.&lt;\/a&gt;.\"><\/object><a id=\"wp-block-file--media-060c70e0-1683-4acb-9186-6d37d91c7cdc\" href=\"https:\/\/youngwrexham.co.uk\/cy\/wp-content\/uploads\/sites\/3\/2023\/11\/Large-UNCRC-white.pdf\"><a href=\"https:\/\/youngwrexham.co.uk\/wp-content\/uploads\/2023\/11\/UNCRC-A3-white.pdf\">Cliciwch yma am grynodeb o Gonfensiwn y Cenhedloedd Unedig ar Hawliau\u2019r Plentyn.<\/a><\/a><a href=\"https:\/\/youngwrexham.co.uk\/cy\/wp-content\/uploads\/sites\/3\/2023\/11\/Large-UNCRC-white.pdf\" class=\"wp-block-file__button wp-element-button\" download aria-describedby=\"wp-block-file--media-060c70e0-1683-4acb-9186-6d37d91c7cdc\">Download<\/a><\/div>\n<\/div>\n\n\n\n<div class=\"wp-block-column is-layout-flow wp-block-column-is-layout-flow\" style=\"flex-basis:80%\">\n<p class=\"has-text-align-center has-background\" style=\"background:linear-gradient(135deg,rgb(248,235,203) 0%,rgb(248,235,203) 100%)\">Mae gan bawb Hawliau Dynol, ond mae gan blant a phobl ifanc dan 18 oed hawliau ychwanegol i\u2019w helpu i gyrraedd eu llawn botensial a byw bywyd llawn a hapus. Enw\u2019r ddogfen sy\u2019n amlinellu\u2019r hawliau hyn yw \u2018<strong><em>Confensiwn y Cenhedloedd Unedig ar Hawliau\u2019r Plentyn<\/em><\/strong>\u2019 (CCUHP).<\/p>\n\n\n\n<p class=\"has-text-align-center has-background\" style=\"background:linear-gradient(135deg,rgb(207,230,199) 0%,rgb(207,230,199) 100%);font-size:17px\">Mae CCUHP yn cynnwys 42 o hawliau y mae gan unrhyw unigolyn dan 18 oed yr hawl iddynt. Mae hefyd yn cynnwys 12 erthygl sy\u2019n egluro sut y mae\u2019n rhaid i oedolion a llywodraethau weithio gyda\u2019i gilydd i gefnogi eich hawliau. Yr UDA yw\u2019r unig wlad nad yw eu llywodraeth wedi ymrwymo i gefnogi hawliau plant.&nbsp;&nbsp;<\/p>\n<\/div>\n<\/div>\n\n\n\n<div class=\"wp-block-columns is-layout-flex wp-container-core-columns-is-layout-9d6595d7 wp-block-columns-is-layout-flex\">\n<div class=\"wp-block-column is-layout-flow wp-block-column-is-layout-flow\" style=\"flex-basis:55%\">\n<p class=\"has-text-align-center has-background\" style=\"background:linear-gradient(135deg,rgb(248,185,185) 0%,rgb(248,185,185) 100%)\">Mae pedair erthygl allweddol sy\u2019n ffurfio sail CCUHP. Sef:<\/p>\n\n\n\n<p class=\"has-text-align-center\"><strong>Erthygl<\/strong> <strong>2:<\/strong> cael eu diogelu rhag gwahaniaethu<\/p>\n\n\n\n<p class=\"has-text-align-center\"><strong>Erthygl<\/strong> <strong>3<\/strong>: bod eu lles pennaf yn brif flaenoriaeth<\/p>\n\n\n\n<p class=\"has-text-align-center\"><strong>Erthygl<\/strong> <strong>6:<\/strong> byw a chyrraedd eu llawn botensial<\/p>\n\n\n\n<p class=\"has-text-align-center\"><strong>Erthygl<\/strong> <strong>12<\/strong>: cael dweud eu dweud ar benderfyniadau sy\u2019n effeithio arnynt <\/p>\n<\/div>\n\n\n\n<div class=\"wp-block-column is-layout-flow wp-block-column-is-layout-flow\">\n<figure class=\"wp-block-embed aligncenter is-type-video is-provider-youtube wp-block-embed-youtube wp-embed-aspect-16-9 wp-has-aspect-ratio\"><div class=\"wp-block-embed__wrapper\">\n<iframe loading=\"lazy\" title=\"Hawliau Plant\" width=\"500\" height=\"281\" src=\"https:\/\/www.youtube.com\/embed\/4AkH7lIyd_o?feature=oembed\" frameborder=\"0\" allow=\"accelerometer; autoplay; clipboard-write; encrypted-media; gyroscope; picture-in-picture; web-share\" referrerpolicy=\"strict-origin-when-cross-origin\" allowfullscreen><\/iframe>\n<\/div><\/figure>\n<\/div>\n<\/div>\n\n\n\n<div style=\"height:25px\" aria-hidden=\"true\" class=\"wp-block-spacer\"><\/div>\n\n\n\n<h3 class=\"wp-block-heading\" style=\"text-transform:uppercase\"><strong><kbd>Beth allaf ei wneud os nad yw fy hawliau yn cael eu bodloni?&nbsp;<\/kbd><\/strong><\/h3>\n\n\n\n<p class=\"has-text-align-center has-background\" style=\"background:linear-gradient(135deg,rgb(219,237,251) 0%,rgb(219,237,251) 100%)\">Mae\u2019r hawliau sydd gennych yn bwysig i\u2019ch lles a\u2019ch datblygiad.&nbsp; Yng Nghymru, mae\u2019n gyfraith i barchu hawliau plant a phobl ifanc. Os ydych chi\u2019n credu nad yw eich hawliau yn cael eu bodloni, mae gennych hawl i gymorth.&nbsp; Gallwch gysylltu ag un o\u2019r canlynol am gefnogaeth:&nbsp;<\/p>\n\n\n\n<div class=\"wp-block-columns is-layout-flex wp-container-core-columns-is-layout-9d6595d7 wp-block-columns-is-layout-flex\">\n<div class=\"wp-block-column has-small-font-size is-layout-flow wp-block-column-is-layout-flow\" style=\"flex-basis:40%\">\n<p class=\"has-text-align-center has-background has-small-font-size\" style=\"background:linear-gradient(135deg,rgb(250,226,205) 0%,rgb(250,226,205) 100%)\"><a href=\"https:\/\/www.complantcymru.org.uk\/\">COMISIYNYDD PLANT CYMRU<\/a> &#8211; 0808 801 1000 cyngor@complantcymru.org.uk<\/p>\n<\/div>\n\n\n\n<div class=\"wp-block-column is-vertically-aligned-center has-small-font-size is-layout-flow wp-block-column-is-layout-flow\" style=\"flex-basis:25%\">\n<p class=\"has-text-align-center has-background has-small-font-size\" style=\"background:linear-gradient(135deg,rgb(233,216,246) 0%,rgb(233,216,246) 100%);text-transform:none\"><a href=\"https:\/\/www.meiccymru.org\/\">MEIC<\/a><strong> <\/strong>&#8211; Galw 08088023456 neu testun 84001<\/p>\n<\/div>\n\n\n\n<div class=\"wp-block-column is-vertically-aligned-center has-small-font-size is-layout-flow wp-block-column-is-layout-flow\" style=\"flex-basis:40%\">\n<p class=\"has-text-align-center has-background has-small-font-size\" style=\"background:linear-gradient(135deg,rgb(248,235,203) 0%,rgb(248,235,203) 100%)\"><a href=\"https:\/\/youngwrexham.co.uk\/cy\/info\/eiriolaeth-2\/\">GWASANAETH EIRIOLI AIL LAIS <\/a> &#8211; 01978 295600 \/ 0800 0322 630 secondvoice@wrexham.gov.uk<\/p>\n<\/div>\n<\/div>\n\n\n\n<hr class=\"wp-block-separator has-text-color has-vivid-red-color has-alpha-channel-opacity has-vivid-red-background-color has-background is-style-wide\"\/>\n\n\n\n<h2 class=\"wp-block-heading\" style=\"text-transform:uppercase\"><kbd><strong>Eisiau gwybod mwy?<\/strong><\/kbd><\/h2>\n\n\n\n<div class=\"wp-block-columns is-layout-flex wp-container-core-columns-is-layout-9d6595d7 wp-block-columns-is-layout-flex\">\n<div class=\"wp-block-column is-layout-flow wp-block-column-is-layout-flow\" style=\"flex-basis:50%\">\n<p class=\"has-text-align-center has-black-color has-text-color has-background\" style=\"background:linear-gradient(135deg,rgb(207,230,199) 0%,rgb(207,230,199) 100%)\"><a href=\"https:\/\/www.complantcymru.org.uk\/ccuhp-hawliau-plant\/\" data-type=\"link\" data-id=\"https:\/\/www.complantcymru.org.uk\/ccuhp-hawliau-plant\/\">Comisiynydd Plant Cymru<\/a> &#8211; yma gallwch ddod o hyd i wybodaeth am gefnogi Hawliau Plant yng Nghymru a chael crynodebau hygyrch o CCUHP (cyswllt cymraeg).<\/p>\n\n\n\n<p class=\"has-text-align-center has-background\" style=\"background:linear-gradient(135deg,rgb(250,226,205) 0%,rgb(250,226,205) 100%)\"><a href=\"https:\/\/www.savethechildren.org.uk\/what-we-do\/childrens-rights\/united-nations-convention-of-the-rights-of-the-child\" data-type=\"link\" data-id=\"https:\/\/www.savethechildren.org.uk\/what-we-do\/childrens-rights\/united-nations-convention-of-the-rights-of-the-child\">Achub y Plant<\/a> &#8211; yma gallwch ddod o hyd i wybodaeth gefndir a throsolwg da o CCUHP (dolen Saesneg yn unig).<\/p>\n<\/div>\n\n\n\n<div class=\"wp-block-column is-layout-flow wp-block-column-is-layout-flow\">\n<p class=\"has-text-align-center has-background\" style=\"background:linear-gradient(135deg,rgb(248,185,185) 0%,rgb(248,185,185) 100%)\"><a href=\"https:\/\/www.unicef.org.uk\/what-we-do\/un-convention-child-rights\/\" data-type=\"link\" data-id=\"https:\/\/www.unicef.org.uk\/what-we-do\/un-convention-child-rights\/\">UNICEF <\/a>&#8211; yma gallwch ddod o hyd i drosolwg manwl o CCUHP, yn cynnwys poster crynodeb a dogfen PDF manwl (dolen Saesneg yn unig).<\/p>\n\n\n\n<p class=\"has-text-align-center has-background\" style=\"background:linear-gradient(135deg,rgb(219,237,251) 0%,rgb(219,237,251) 100%)\"><a rel=\"noreferrer noopener\" href=\"https:\/\/www.dualfrequency.co.uk\/united-nations-convention-on-the-rights-of-the-child-teen-friendly-edition\" target=\"_blank\">Dual Frequency<\/a> &#8211; yma gallwch ddod o hyd i drosolwg hawdd i\u2019w ddarllen o erthyglau CCUHP, gyda lluniau (dolen Saesneg yn unig).<\/p>\n<\/div>\n<\/div>\n\n\n\n<hr class=\"wp-block-separator has-text-color has-vivid-red-color has-alpha-channel-opacity has-vivid-red-background-color has-background is-style-wide\"\/>\n\n\n<div class=\"wp-block-image\">\n<figure class=\"aligncenter size-large is-resized\"><img decoding=\"async\" src=\"https:\/\/youngwrexham.co.uk\/wp-content\/uploads\/2023\/10\/Senedd-yr-Ifanc-logo-1024x380.jpg\" alt=\"\" class=\"wp-image-62265\" style=\"aspect-ratio:2.694736842105263;width:366px;height:auto\"\/><\/figure>\n<\/div>\n\n\n<div style=\"height:25px\" aria-hidden=\"true\" class=\"wp-block-spacer\"><\/div>\n\n\n\n<p class=\"has-text-align-center\">Os hoffech fwy o wybodaeth am y pwnc hwn os gennych unrhyw gwestiynau, cysylltwch \u00e2&#8217;r T\u00eem Cyfranogiad dros y ff\u00f4n (01978 398374), e-bost, neu\u2019r cyfryngau cymdeithasol.<\/p>\n\n\n\n<ul class=\"wp-block-social-links aligncenter is-content-justification-center is-layout-flex wp-container-core-social-links-is-layout-16018d1d wp-block-social-links-is-layout-flex\"><li class=\"wp-social-link wp-social-link-mail  wp-block-social-link\"><a href=\"mailto:you&#110;g&#118;o&#105;&#099;e&#115;&#064;wrex&#104;&#097;&#109;.g&#111;v&#046;&#117;k\" class=\"wp-block-social-link-anchor\"><svg width=\"24\" height=\"24\" viewBox=\"0 0 24 24\" version=\"1.1\" xmlns=\"http:\/\/www.w3.org\/2000\/svg\" aria-hidden=\"true\" focusable=\"false\"><path d=\"M19,5H5c-1.1,0-2,.9-2,2v10c0,1.1.9,2,2,2h14c1.1,0,2-.9,2-2V7c0-1.1-.9-2-2-2zm.5,12c0,.3-.2.5-.5.5H5c-.3,0-.5-.2-.5-.5V9.8l7.5,5.6,7.5-5.6V17zm0-9.1L12,13.6,4.5,7.9V7c0-.3.2-.5.5-.5h14c.3,0,.5.2.5.5v.9z\"><\/path><\/svg><span class=\"wp-block-social-link-label screen-reader-text\">Mail<\/span><\/a><\/li>\n\n<li class=\"wp-social-link wp-social-link-facebook  wp-block-social-link\"><a href=\"https:\/\/www.facebook.com\/seneddyrifanc\" class=\"wp-block-social-link-anchor\"><svg width=\"24\" height=\"24\" viewBox=\"0 0 24 24\" version=\"1.1\" xmlns=\"http:\/\/www.w3.org\/2000\/svg\" aria-hidden=\"true\" focusable=\"false\"><path d=\"M12 2C6.5 2 2 6.5 2 12c0 5 3.7 9.1 8.4 9.9v-7H7.9V12h2.5V9.8c0-2.5 1.5-3.9 3.8-3.9 1.1 0 2.2.2 2.2.2v2.5h-1.3c-1.2 0-1.6.8-1.6 1.6V12h2.8l-.4 2.9h-2.3v7C18.3 21.1 22 17 22 12c0-5.5-4.5-10-10-10z\"><\/path><\/svg><span class=\"wp-block-social-link-label screen-reader-text\">Facebook<\/span><\/a><\/li>\n\n<li class=\"wp-social-link wp-social-link-instagram  wp-block-social-link\"><a href=\"https:\/\/www.instagram.com\/seneddyrifanc.cy\/\" class=\"wp-block-social-link-anchor\"><svg width=\"24\" height=\"24\" viewBox=\"0 0 24 24\" version=\"1.1\" xmlns=\"http:\/\/www.w3.org\/2000\/svg\" aria-hidden=\"true\" focusable=\"false\"><path d=\"M12,4.622c2.403,0,2.688,0.009,3.637,0.052c0.877,0.04,1.354,0.187,1.671,0.31c0.42,0.163,0.72,0.358,1.035,0.673 c0.315,0.315,0.51,0.615,0.673,1.035c0.123,0.317,0.27,0.794,0.31,1.671c0.043,0.949,0.052,1.234,0.052,3.637 s-0.009,2.688-0.052,3.637c-0.04,0.877-0.187,1.354-0.31,1.671c-0.163,0.42-0.358,0.72-0.673,1.035 c-0.315,0.315-0.615,0.51-1.035,0.673c-0.317,0.123-0.794,0.27-1.671,0.31c-0.949,0.043-1.233,0.052-3.637,0.052 s-2.688-0.009-3.637-0.052c-0.877-0.04-1.354-0.187-1.671-0.31c-0.42-0.163-0.72-0.358-1.035-0.673 c-0.315-0.315-0.51-0.615-0.673-1.035c-0.123-0.317-0.27-0.794-0.31-1.671C4.631,14.688,4.622,14.403,4.622,12 s0.009-2.688,0.052-3.637c0.04-0.877,0.187-1.354,0.31-1.671c0.163-0.42,0.358-0.72,0.673-1.035 c0.315-0.315,0.615-0.51,1.035-0.673c0.317-0.123,0.794-0.27,1.671-0.31C9.312,4.631,9.597,4.622,12,4.622 M12,3 C9.556,3,9.249,3.01,8.289,3.054C7.331,3.098,6.677,3.25,6.105,3.472C5.513,3.702,5.011,4.01,4.511,4.511 c-0.5,0.5-0.808,1.002-1.038,1.594C3.25,6.677,3.098,7.331,3.054,8.289C3.01,9.249,3,9.556,3,12c0,2.444,0.01,2.751,0.054,3.711 c0.044,0.958,0.196,1.612,0.418,2.185c0.23,0.592,0.538,1.094,1.038,1.594c0.5,0.5,1.002,0.808,1.594,1.038 c0.572,0.222,1.227,0.375,2.185,0.418C9.249,20.99,9.556,21,12,21s2.751-0.01,3.711-0.054c0.958-0.044,1.612-0.196,2.185-0.418 c0.592-0.23,1.094-0.538,1.594-1.038c0.5-0.5,0.808-1.002,1.038-1.594c0.222-0.572,0.375-1.227,0.418-2.185 C20.99,14.751,21,14.444,21,12s-0.01-2.751-0.054-3.711c-0.044-0.958-0.196-1.612-0.418-2.185c-0.23-0.592-0.538-1.094-1.038-1.594 c-0.5-0.5-1.002-0.808-1.594-1.038c-0.572-0.222-1.227-0.375-2.185-0.418C14.751,3.01,14.444,3,12,3L12,3z M12,7.378 c-2.552,0-4.622,2.069-4.622,4.622S9.448,16.622,12,16.622s4.622-2.069,4.622-4.622S14.552,7.378,12,7.378z M12,15 c-1.657,0-3-1.343-3-3s1.343-3,3-3s3,1.343,3,3S13.657,15,12,15z M16.804,6.116c-0.596,0-1.08,0.484-1.08,1.08 s0.484,1.08,1.08,1.08c0.596,0,1.08-0.484,1.08-1.08S17.401,6.116,16.804,6.116z\"><\/path><\/svg><span class=\"wp-block-social-link-label screen-reader-text\">Instagram<\/span><\/a><\/li>\n\n<li class=\"wp-social-link wp-social-link-twitter  wp-block-social-link\"><a href=\"https:\/\/twitter.com\/i\/flow\/login?redirect_after_login=%2Fseneddyrifanccy\" class=\"wp-block-social-link-anchor\"><svg width=\"24\" height=\"24\" viewBox=\"0 0 24 24\" version=\"1.1\" xmlns=\"http:\/\/www.w3.org\/2000\/svg\" aria-hidden=\"true\" focusable=\"false\"><path d=\"M22.23,5.924c-0.736,0.326-1.527,0.547-2.357,0.646c0.847-0.508,1.498-1.312,1.804-2.27 c-0.793,0.47-1.671,0.812-2.606,0.996C18.324,4.498,17.257,4,16.077,4c-2.266,0-4.103,1.837-4.103,4.103 c0,0.322,0.036,0.635,0.106,0.935C8.67,8.867,5.647,7.234,3.623,4.751C3.27,5.357,3.067,6.062,3.067,6.814 c0,1.424,0.724,2.679,1.825,3.415c-0.673-0.021-1.305-0.206-1.859-0.513c0,0.017,0,0.034,0,0.052c0,1.988,1.414,3.647,3.292,4.023 c-0.344,0.094-0.707,0.144-1.081,0.144c-0.264,0-0.521-0.026-0.772-0.074c0.522,1.63,2.038,2.816,3.833,2.85 c-1.404,1.1-3.174,1.756-5.096,1.756c-0.331,0-0.658-0.019-0.979-0.057c1.816,1.164,3.973,1.843,6.29,1.843 c7.547,0,11.675-6.252,11.675-11.675c0-0.178-0.004-0.355-0.012-0.531C20.985,7.47,21.68,6.747,22.23,5.924z\"><\/path><\/svg><span class=\"wp-block-social-link-label screen-reader-text\">Twitter<\/span><\/a><\/li><\/ul>\n","protected":false},"excerpt":{"rendered":"<p>AR Y DUDALEN HON&#8230; Hawliau Dynol Beth yw Hawliau Plant? Eisiau gwybod mwy? Hawliau Dynol Hawliau Dynol ydi\u2019r hawliau a\u2019r rhyddid sylfaenol sy\u2019n perthyn i bawb yn y byd, o\u2019r&#8230;<\/p>\n","protected":false},"author":6,"featured_media":8476,"parent":6458,"menu_order":3,"comment_status":"closed","ping_status":"closed","template":"page-info.php","meta":{"_acf_changed":false,"_monsterinsights_skip_tracking":false,"_monsterinsights_sitenote_active":false,"_monsterinsights_sitenote_note":"","_monsterinsights_sitenote_category":0,"footnotes":""},"class_list":["post-357","page","type-page","status-publish","has-post-thumbnail","hentry"],"acf":[],"_links":{"self":[{"href":"https:\/\/youngwrexham.co.uk\/cy\/wp-json\/wp\/v2\/pages\/357","targetHints":{"allow":["GET"]}}],"collection":[{"href":"https:\/\/youngwrexham.co.uk\/cy\/wp-json\/wp\/v2\/pages"}],"about":[{"href":"https:\/\/youngwrexham.co.uk\/cy\/wp-json\/wp\/v2\/types\/page"}],"author":[{"embeddable":true,"href":"https:\/\/youngwrexham.co.uk\/cy\/wp-json\/wp\/v2\/users\/6"}],"replies":[{"embeddable":true,"href":"https:\/\/youngwrexham.co.uk\/cy\/wp-json\/wp\/v2\/comments?post=357"}],"version-history":[{"count":14,"href":"https:\/\/youngwrexham.co.uk\/cy\/wp-json\/wp\/v2\/pages\/357\/revisions"}],"predecessor-version":[{"id":8895,"href":"https:\/\/youngwrexham.co.uk\/cy\/wp-json\/wp\/v2\/pages\/357\/revisions\/8895"}],"up":[{"embeddable":true,"href":"https:\/\/youngwrexham.co.uk\/cy\/wp-json\/wp\/v2\/pages\/6458"}],"wp:featuredmedia":[{"embeddable":true,"href":"https:\/\/youngwrexham.co.uk\/cy\/wp-json\/wp\/v2\/media\/8476"}],"wp:attachment":[{"href":"https:\/\/youngwrexham.co.uk\/cy\/wp-json\/wp\/v2\/media?parent=357"}],"curies":[{"name":"wp","href":"https:\/\/api.w.org\/{rel}","templated":true}]}}