{"id":6836,"date":"2017-04-26T15:17:04","date_gmt":"2017-04-26T15:17:04","guid":{"rendered":"http:\/\/youngwrexham.co.uk\/cy\/?page_id=6836"},"modified":"2017-05-25T12:05:48","modified_gmt":"2017-05-25T12:05:48","slug":"grwp-cynghori","status":"publish","type":"page","link":"https:\/\/youngwrexham.co.uk\/cy\/info\/eiriolaeth-2\/grwp-cynghori\/","title":{"rendered":"Gr\u0175p Cynghori Pobl Ifanc"},"content":{"rendered":"<p>Nod eiriolaeth ail lais yw helpu pobl ifanc i leisio eu barn.<br \/>\nFelly ni fyddai\u2019n gwneud synnwyr cael gwasanaeth sy&#8217;n cael ei redeg gan oedolion a dim mewnbwn gan bobl ifanc o gwbl &#8230;. dyna lle rydym ni\u2019n dod i mewn.<\/p>\n<p>Ni yw\u2019r Gr\u0175p Cynghori ar gyfer y Gwasanaeth Eiriolaeth Ail Lais; daeth rhai ohonom i\u2019r gr\u0175p cynghori ar \u00f4l derbyn cefnogaeth eiriolaeth ac mae rhai ohonom wedi dod i gwrdd \u00e2 phobl a gwneud ffrindiau.<\/p>\n<p>Mae rhai o\u2019r pethau rydym wedi cyfrannu atynt hyd yma yn cynnwys;<\/p>\n<p>\u2022 Rydym yn cyfweld holl eiriolwyr gwirfoddol newydd cyn iddynt ddechrau\u2019r hyfforddiant.<br \/>\n\u2022 Rydym yn ymgynghori ar bolis\u00efau a chanllawiau newydd a anelwyd at bobl ifanc, rydym yn gadael iddynt wybod ein barn<br \/>\n\u2022 Rydym yn helpu i hybu\u2019r gwasanaeth; rydym wedi cynhyrchu fideo yn ddiweddar.<br \/>\n\u2022 Dylunio unrhyw gyhoeddusrwydd ar gyfer Ail Lais<\/p>\n<p>Rydym hyd yn oed wedi dylunio\u2019r dudalen hon!<\/p>\n<p><img loading=\"lazy\" decoding=\"async\" class=\"size-medium wp-image-7043 aligncenter\" src=\"https:\/\/youngwrexham.co.uk\/cy\/wp-content\/uploads\/sites\/3\/2017\/04\/DSCN0161-300x225.jpg\" alt=\"\" width=\"300\" height=\"225\" srcset=\"https:\/\/youngwrexham.co.uk\/cy\/wp-content\/uploads\/sites\/3\/2017\/04\/DSCN0161-300x225.jpg 300w, https:\/\/youngwrexham.co.uk\/cy\/wp-content\/uploads\/sites\/3\/2017\/04\/DSCN0161-768x576.jpg 768w, https:\/\/youngwrexham.co.uk\/cy\/wp-content\/uploads\/sites\/3\/2017\/04\/DSCN0161-1024x768.jpg 1024w\" sizes=\"auto, (max-width: 300px) 100vw, 300px\" \/><\/p>\n<p style=\"text-align: center\">Jacob<\/p>\n<p><img loading=\"lazy\" decoding=\"async\" class=\"size-medium wp-image-7044 aligncenter\" src=\"https:\/\/youngwrexham.co.uk\/cy\/wp-content\/uploads\/sites\/3\/2017\/04\/DSCN0162-300x225.jpg\" alt=\"\" width=\"300\" height=\"225\" srcset=\"https:\/\/youngwrexham.co.uk\/cy\/wp-content\/uploads\/sites\/3\/2017\/04\/DSCN0162-300x225.jpg 300w, https:\/\/youngwrexham.co.uk\/cy\/wp-content\/uploads\/sites\/3\/2017\/04\/DSCN0162-768x576.jpg 768w, https:\/\/youngwrexham.co.uk\/cy\/wp-content\/uploads\/sites\/3\/2017\/04\/DSCN0162-1024x768.jpg 1024w\" sizes=\"auto, (max-width: 300px) 100vw, 300px\" \/><\/p>\n<p style=\"text-align: center\">Cerys<\/p>\n<p>Yn y gr\u0175p cynghori rydym wedi dysgu sgiliau newydd sy\u2019n cynnwys hyfforddiant cyfweld, roedd hyn yn ein helpu i gyfweld eiriolwyr gwirfoddol newydd. Mae ein horiau i gyd wedi eu cofnodi gyda Gwirfoddolwyr y Mileniwm a Gwobr S\u00ear yn Cymdeithas Mudiadau Gwirfoddol Wrecsam fydd yn edrych yn wych ar ein CV.<\/p>\n<p>Os hoffech ymuno \u00e2\u2019r gr\u0175p cynghori neu os oes gennych ddiddordeb mewn gwybod ychydig mwy am yr hyn rydym yn ei wneud dewch draw ddydd Mawrth i\u2019r Siop Wybodaeth. Rydym yn dechrau tua 5.00pm, peidiwch \u00e2 phoeni os ydych ychydig yn hwyr, a&#8217;n bod yn gorffen tua 7.00pm, gall hyn amrywio gan ein bod yn rhedeg drosodd weithiau.<\/p>\n<p>Gallwch gysylltu \u00e2 Lowri y Cydlynydd Eiriolaeth ar<\/p>\n<p>Ff\u00f4n: 01978 295600<br \/>\nE-bost: Lowri.kendrick@wrexham.gov.uk<\/p>\n<p>&nbsp;<\/p>\n<hr \/>\n<p><img loading=\"lazy\" decoding=\"async\" class=\"size-medium wp-image-6276 aligncenter\" src=\"https:\/\/youngwrexham.co.uk\/cy\/wp-content\/uploads\/sites\/3\/2017\/01\/Info-generaljpeg-300x106.jpg\" alt=\"\" width=\"300\" height=\"106\" srcset=\"https:\/\/youngwrexham.co.uk\/cy\/wp-content\/uploads\/sites\/3\/2017\/01\/Info-generaljpeg-300x106.jpg 300w, https:\/\/youngwrexham.co.uk\/cy\/wp-content\/uploads\/sites\/3\/2017\/01\/Info-generaljpeg-768x272.jpg 768w, https:\/\/youngwrexham.co.uk\/cy\/wp-content\/uploads\/sites\/3\/2017\/01\/Info-generaljpeg.jpg 886w\" sizes=\"auto, (max-width: 300px) 100vw, 300px\" \/><\/p>\n<p><strong>Os hoffech ragor o wybodaeth am y testun hwn neu os oes gennych chi unrhyw gwestiynau galwch draw i&#8217;r Siop INFO neu cysylltwch \u00e2 ni ar 01978 295600 \/ <\/strong><a href=\"http:\/\/dev.youngwrexham.co.uk\/cy\/ask-wrex\/\"><strong>Neges wib<\/strong><\/a><strong>. \u00a0Gadewch neges a byddwn yn cysylltu \u00e2 chi cyn gynted \u00e2 phosib. <\/strong><\/p>\n","protected":false},"excerpt":{"rendered":"<p>Nod eiriolaeth ail lais yw helpu pobl ifanc i leisio eu barn. Felly ni fyddai\u2019n gwneud synnwyr cael gwasanaeth sy&#8217;n cael ei redeg gan oedolion a dim mewnbwn gan bobl&#8230;<\/p>\n","protected":false},"author":5,"featured_media":6845,"parent":6823,"menu_order":4,"comment_status":"closed","ping_status":"closed","template":"page-info.php","meta":{"_acf_changed":false,"_monsterinsights_skip_tracking":false,"_monsterinsights_sitenote_active":false,"_monsterinsights_sitenote_note":"","_monsterinsights_sitenote_category":0,"footnotes":""},"class_list":["post-6836","page","type-page","status-publish","has-post-thumbnail","hentry"],"acf":[],"_links":{"self":[{"href":"https:\/\/youngwrexham.co.uk\/cy\/wp-json\/wp\/v2\/pages\/6836","targetHints":{"allow":["GET"]}}],"collection":[{"href":"https:\/\/youngwrexham.co.uk\/cy\/wp-json\/wp\/v2\/pages"}],"about":[{"href":"https:\/\/youngwrexham.co.uk\/cy\/wp-json\/wp\/v2\/types\/page"}],"author":[{"embeddable":true,"href":"https:\/\/youngwrexham.co.uk\/cy\/wp-json\/wp\/v2\/users\/5"}],"replies":[{"embeddable":true,"href":"https:\/\/youngwrexham.co.uk\/cy\/wp-json\/wp\/v2\/comments?post=6836"}],"version-history":[{"count":5,"href":"https:\/\/youngwrexham.co.uk\/cy\/wp-json\/wp\/v2\/pages\/6836\/revisions"}],"predecessor-version":[{"id":7045,"href":"https:\/\/youngwrexham.co.uk\/cy\/wp-json\/wp\/v2\/pages\/6836\/revisions\/7045"}],"up":[{"embeddable":true,"href":"https:\/\/youngwrexham.co.uk\/cy\/wp-json\/wp\/v2\/pages\/6823"}],"wp:featuredmedia":[{"embeddable":true,"href":"https:\/\/youngwrexham.co.uk\/cy\/wp-json\/wp\/v2\/media\/6845"}],"wp:attachment":[{"href":"https:\/\/youngwrexham.co.uk\/cy\/wp-json\/wp\/v2\/media?parent=6836"}],"curies":[{"name":"wp","href":"https:\/\/api.w.org\/{rel}","templated":true}]}}