{"id":8633,"date":"2024-06-19T15:52:15","date_gmt":"2024-06-19T15:52:15","guid":{"rendered":"https:\/\/youngwrexham.co.uk\/cy\/?page_id=8633"},"modified":"2024-07-02T11:10:11","modified_gmt":"2024-07-02T11:10:11","slug":"mwy-o-wybodaeth-a-termau-allweddol","status":"publish","type":"page","link":"https:\/\/youngwrexham.co.uk\/cy\/info\/dy-lais-dy-wrecsam\/pleidleisio\/mwy-o-wybodaeth-a-termau-allweddol\/","title":{"rendered":"Mwy o wybodaeth a termau allweddol"},"content":{"rendered":"\n<p id=\"tw-target-text\">Cliciwch ar y lluniau i gael mwy o wybodaeth<\/p>\n\n\n\n<div class=\"wp-block-columns is-layout-flex wp-container-core-columns-is-layout-9d6595d7 wp-block-columns-is-layout-flex\">\n<div class=\"wp-block-column is-layout-flow wp-block-column-is-layout-flow\"><div class=\"wp-block-image\">\n<figure class=\"aligncenter size-full is-resized\"><a href=\"https:\/\/www.thedemocracybox.co.uk\/wp-content\/uploads\/2023\/03\/TDB-PDF-TM-Welsh-CCBC-Web.pdf\"><img decoding=\"async\" src=\"https:\/\/youngwrexham.co.uk\/wp-content\/uploads\/2024\/06\/logo.png\" alt=\"\" class=\"wp-image-67365\" style=\"width:312px;height:auto\"\/><\/a><\/figure>\n<\/div>\n\n\n<p class=\"has-text-align-center\">Adnodd gwych a ddatblygwyd gan The Democracy Box<\/p>\n<\/div>\n\n\n\n<div class=\"wp-block-column is-layout-flow wp-block-column-is-layout-flow\">\n<figure class=\"wp-block-image size-full\"><a href=\"https:\/\/www.electoralcommission.org.uk\/cy\/adnoddau\/adnoddau-i-bobl-ifanc\"><img loading=\"lazy\" decoding=\"async\" width=\"311\" height=\"162\" src=\"https:\/\/youngwrexham.co.uk\/cy\/wp-content\/uploads\/sites\/3\/2024\/06\/images.png\" alt=\"\" class=\"wp-image-8675\" srcset=\"https:\/\/youngwrexham.co.uk\/cy\/wp-content\/uploads\/sites\/3\/2024\/06\/images.png 311w, https:\/\/youngwrexham.co.uk\/cy\/wp-content\/uploads\/sites\/3\/2024\/06\/images-300x156.png 300w\" sizes=\"auto, (max-width: 311px) 100vw, 311px\" \/><\/a><\/figure>\n\n\n\n<p class=\"has-text-align-center\">Ffynhonnell ddiduedd y gellir ymddiried ynddi i gael gwybodaeth ar gyfer popeth sy\u2019n ymwneud ag etholiadau a democratiaeth<\/p>\n<\/div>\n\n\n\n<div class=\"wp-block-column is-layout-flow wp-block-column-is-layout-flow\">\n<figure class=\"wp-block-image size-full\"><a href=\"https:\/\/www.democracyclassroom.com\/schemes-of-work\/electioncountdown-general-election-july-2024\"><img decoding=\"async\" src=\"https:\/\/youngwrexham.co.uk\/wp-content\/uploads\/2024\/06\/Democracy-classroom-logo-573x314-c-center.jpg\" alt=\"\" class=\"wp-image-67366\"\/><\/a><\/figure>\n\n\n\n<p class=\"has-text-align-center\">Canllaw am yr Etholiad Cyffredinol a gynhelir yn fuan (ar gael yn Saesneg yn unig)<\/p>\n<\/div>\n<\/div>\n\n\n\n<div style=\"height:50px\" aria-hidden=\"true\" class=\"wp-block-spacer\"><\/div>\n\n\n\n<h2 class=\"wp-block-heading\"><strong>TERMAU ALLWEDDOL<\/strong><\/h2>\n\n\n\n<p><strong>Cliciwch ar y term allweddol i ddysgu ei ystyr:<\/strong><\/p>\n\n\n\n<div class=\"wp-block-columns is-layout-flex wp-container-core-columns-is-layout-9d6595d7 wp-block-columns-is-layout-flex\">\n<div class=\"wp-block-column is-layout-flow wp-block-column-is-layout-flow\">\n<details class=\"wp-block-details has-background is-layout-flow wp-block-details-is-layout-flow\" style=\"background:linear-gradient(135deg,rgb(207,230,199) 0%,rgb(207,230,199) 100%)\"><summary><strong><em>Adduned<\/em><\/strong><\/summary>\n<p>yr hyn y mae ymgeisydd neu blaid yn ei addo.<\/p>\n<\/details>\n<\/div>\n\n\n\n<div class=\"wp-block-column is-layout-flow wp-block-column-is-layout-flow\">\n<details class=\"wp-block-details has-background is-layout-flow wp-block-details-is-layout-flow\" style=\"background:linear-gradient(135deg,rgb(248,185,185) 0%,rgb(248,185,185) 100%)\"><summary><strong><em>Aelod o\u2019r Senedd<\/em><\/strong><\/summary>\n<p>Mae Aelod o\u2019r Senedd yn unigolyn sydd wedi\u2019i ethol i Senedd Cymru.<\/p>\n<\/details>\n<\/div>\n\n\n\n<div class=\"wp-block-column is-layout-flow wp-block-column-is-layout-flow\">\n<details class=\"wp-block-details has-background is-layout-flow wp-block-details-is-layout-flow\" style=\"background:linear-gradient(135deg,rgb(219,237,251) 0%,rgb(219,237,251) 100%)\"><summary><strong><em>Aelod Seneddol<\/em><\/strong><\/summary>\n<p>Mae Aelod Seneddol yn unigolyn sydd wedi\u2019i ethol i Senedd y DU.<\/p>\n<\/details>\n<\/div>\n\n\n\n<div class=\"wp-block-column is-layout-flow wp-block-column-is-layout-flow\">\n<details class=\"wp-block-details has-background is-layout-flow wp-block-details-is-layout-flow\" style=\"background:linear-gradient(135deg,rgb(250,226,205) 0%,rgb(250,226,205) 100%)\"><summary><strong><em>Blaenoriaethau<\/em><\/strong><\/summary>\n<p><strong><em>Blaenoriaethau<\/em><\/strong><em>: <\/em>&nbsp;Mae blaenoriaeth wleidyddol yn faes neu fater y mae ymgeisydd neu blaid yn credu ei fod yn bwysig ac eisiau gweithio i\u2019w wella.<\/p>\n<\/details>\n<\/div>\n\n\n\n<div class=\"wp-block-column is-layout-flow wp-block-column-is-layout-flow\">\n<details class=\"wp-block-details has-background is-layout-flow wp-block-details-is-layout-flow\" style=\"background:linear-gradient(135deg,rgb(233,216,246) 0%,rgb(233,216,246) 100%)\"><summary><strong><em>Blwch Pleidleisio<\/em><\/strong><\/summary>\n<p>dyma lle byddwch chi\u2019n rhoi eich papur pleidleisio wedi\u2019i blygu ar \u00f4l i chi nodi\u2019ch pleidlais arno.<\/p>\n<\/details>\n<\/div>\n<\/div>\n\n\n\n<div style=\"height:50px\" aria-hidden=\"true\" class=\"wp-block-spacer\"><\/div>\n\n\n\n<div class=\"wp-block-columns is-layout-flex wp-container-core-columns-is-layout-9d6595d7 wp-block-columns-is-layout-flex\">\n<div class=\"wp-block-column is-layout-flow wp-block-column-is-layout-flow\">\n<details class=\"wp-block-details has-background is-layout-flow wp-block-details-is-layout-flow\" style=\"background:linear-gradient(135deg,rgb(248,235,203) 0%,rgb(248,235,203) 100%)\"><summary><strong><em>Cofrestru i bleidleisio<\/em><\/strong><\/summary>\n<p>mae bod wedi cofrestru i bleidleisio yn golygu eich bod ar y Gofrestr Etholiadol a\u2019ch bod yn cael pleidleisio mewn etholiadau cymwys.<\/p>\n<\/details>\n<\/div>\n\n\n\n<div class=\"wp-block-column is-layout-flow wp-block-column-is-layout-flow\">\n<details class=\"wp-block-details has-background is-layout-flow wp-block-details-is-layout-flow\" style=\"background:linear-gradient(135deg,rgb(207,230,199) 0%,rgb(207,230,199) 100%)\"><summary><strong><em>Cynghorydd<\/em><\/strong><\/summary>\n<p>Mae Cynghorwyr Lleol yn cael eu hethol gan y gymuned i benderfynu sut y dylai\u2019r Cyngor gynnal ei weithgareddau amrywiol.<\/p>\n<\/details>\n<\/div>\n\n\n\n<div class=\"wp-block-column is-layout-flow wp-block-column-is-layout-flow\">\n<details class=\"wp-block-details has-background is-layout-flow wp-block-details-is-layout-flow\" style=\"background:linear-gradient(135deg,rgb(248,185,185) 0%,rgb(248,185,185) 100%)\"><summary><strong><em>Datganiad<\/em><\/strong><\/summary>\n<p>Sylwadau am faterion gwleidyddol a wneir gan ymgeisydd, er mwyn i chi gael gwybod mwy am eu blaenoriaethau a\u2019u gwerthoedd.<\/p>\n<\/details>\n<\/div>\n\n\n\n<div class=\"wp-block-column is-layout-flow wp-block-column-is-layout-flow\">\n<details class=\"wp-block-details has-background is-layout-flow wp-block-details-is-layout-flow\" style=\"background:linear-gradient(135deg,rgb(219,237,251) 0%,rgb(219,237,251) 100%)\"><summary><strong><em>Democratiaeth<\/em><\/strong><\/summary>\n<p>democratiaeth yw llywodraeth sy\u2019n cael ei rhedeg gan bobl y mae\u2019r cyhoedd wedi pleidleisio drostyn nhw.<\/p>\n<\/details>\n<\/div>\n\n\n\n<div class=\"wp-block-column is-layout-flow wp-block-column-is-layout-flow\">\n<details class=\"wp-block-details has-background is-layout-flow wp-block-details-is-layout-flow\" style=\"background:linear-gradient(135deg,rgb(250,226,205) 0%,rgb(250,226,205) 100%)\"><summary><strong><em>Diduedd<\/em><\/strong><\/summary>\n<p>mae rhywbeth yn ddiduedd pan nad yw\u2019n cymryd safbwynt gwleidyddol.<\/p>\n<\/details>\n<\/div>\n<\/div>\n\n\n\n<div style=\"height:50px\" aria-hidden=\"true\" class=\"wp-block-spacer\"><\/div>\n\n\n\n<div class=\"wp-block-columns is-layout-flex wp-container-core-columns-is-layout-9d6595d7 wp-block-columns-is-layout-flex\">\n<div class=\"wp-block-column is-layout-flow wp-block-column-is-layout-flow\">\n<details class=\"wp-block-details has-background is-layout-flow wp-block-details-is-layout-flow\" style=\"background:linear-gradient(135deg,rgb(233,216,246) 0%,rgb(233,216,246) 100%)\"><summary><strong><em>Etholaeth<\/em><\/strong><\/summary>\n<p>lleoliad y mae Aelod o\u2019r Senedd neu Aelod Seneddol yn gyfrifol am ei gynrychioli. Mae gan Gymru 32 o etholaethau.<\/p>\n<\/details>\n<\/div>\n\n\n\n<div class=\"wp-block-column is-layout-flow wp-block-column-is-layout-flow\">\n<details class=\"wp-block-details has-background is-layout-flow wp-block-details-is-layout-flow\" style=\"background:linear-gradient(135deg,rgb(248,235,203) 0%,rgb(248,235,203) 100%)\"><summary><strong><em>Etholiad Cyffredinol<\/em><\/strong><\/summary>\n<p>Etholiad y DU ar gyfer Aelodau Seneddol.<\/p>\n<\/details>\n<\/div>\n\n\n\n<div class=\"wp-block-column is-layout-flow wp-block-column-is-layout-flow\">\n<details class=\"wp-block-details has-background is-layout-flow wp-block-details-is-layout-flow\" style=\"background:linear-gradient(135deg,rgb(207,230,199) 0%,rgb(207,230,199) 100%)\"><summary><strong><em>Etholiad Lleol<\/em><\/strong><\/summary>\n<p>Etholiad sy\u2019n cael ei gynnal yn eich ardal leol i bleidleisio dros gynghorwyr.<\/p>\n<\/details>\n<\/div>\n\n\n\n<div class=\"wp-block-column is-layout-flow wp-block-column-is-layout-flow\">\n<details class=\"wp-block-details has-background is-layout-flow wp-block-details-is-layout-flow\" style=\"background:linear-gradient(135deg,rgb(248,185,185) 0%,rgb(248,185,185) 100%)\"><summary><strong><em>Etholiad y Senedd<\/em><\/strong><\/summary>\n<p>Etholiad yng Nghymru ar gyfer Aelodau o\u2019r Senedd.<\/p>\n<\/details>\n<\/div>\n\n\n\n<div class=\"wp-block-column is-layout-flow wp-block-column-is-layout-flow\">\n<details class=\"wp-block-details has-background is-layout-flow wp-block-details-is-layout-flow\" style=\"background:linear-gradient(135deg,rgb(219,237,251) 0%,rgb(219,237,251) 100%)\"><summary><strong><em>Etholiad<\/em><\/strong><\/summary>\n<p>pan mae pleidlais yn cael ei chynnal ac mae\u2019r cyhoedd yn cael pleidleisio dros ymgeisydd.<\/p>\n<\/details>\n<\/div>\n<\/div>\n\n\n\n<div style=\"height:50px\" aria-hidden=\"true\" class=\"wp-block-spacer\"><\/div>\n\n\n\n<div class=\"wp-block-columns is-layout-flex wp-container-core-columns-is-layout-9d6595d7 wp-block-columns-is-layout-flex\">\n<div class=\"wp-block-column is-layout-flow wp-block-column-is-layout-flow\">\n<details class=\"wp-block-details has-background is-layout-flow wp-block-details-is-layout-flow\" style=\"background:linear-gradient(135deg,rgb(250,226,205) 0%,rgb(250,226,205) 100%)\"><summary><strong><em>Gorsaf Bleidleisio<\/em><\/strong><\/summary>\n<p>lleoliad y gallwch chi fynd iddo i fwrw\u2019ch pleidlais. Ysgol neu neuadd bentref fydd hwn fel arfer.<\/p>\n<\/details>\n<\/div>\n\n\n\n<div class=\"wp-block-column is-layout-flow wp-block-column-is-layout-flow\">\n<details class=\"wp-block-details has-background is-layout-flow wp-block-details-is-layout-flow\" style=\"background:linear-gradient(135deg,rgb(233,216,246) 0%,rgb(233,216,246) 100%)\"><summary><strong><em>Gwlad Ddatganoledig<\/em><\/strong><\/summary>\n<p>Mae Cymru\u2019n wlad ddatganoledig. Mae hyn yn golygu bod Llywodraeth y DU wedi rhoi rhywfaint o gyfrifoldeb i Lywodraeth Cymru allu gwneud penderfyniadau ar ran pobl, cymunedau a busnesau Cymru y maen nhw\u2019n effeithio arnyn nhw.<\/p>\n<\/details>\n<\/div>\n\n\n\n<div class=\"wp-block-column is-layout-flow wp-block-column-is-layout-flow\">\n<details class=\"wp-block-details has-background is-layout-flow wp-block-details-is-layout-flow\" style=\"background:linear-gradient(135deg,rgb(248,235,203) 0%,rgb(248,235,203) 100%)\"><summary><strong><em>Gwleidyddiaeth<\/em><\/strong><\/summary>\n<p>y gweithgareddau sy\u2019n gysylltiedig \u00e2 rhedeg y wlad, gan gynnwys y ddadl yngl\u0177n \u00e2 grym rhwng y pleidiau gwleidyddol.<\/p>\n<\/details>\n<\/div>\n\n\n\n<div class=\"wp-block-column is-layout-flow wp-block-column-is-layout-flow\">\n<details class=\"wp-block-details has-background is-layout-flow wp-block-details-is-layout-flow\" style=\"background:linear-gradient(135deg,rgb(207,230,199) 0%,rgb(207,230,199) 100%)\"><summary><strong><em>Llywodraeth <\/em><\/strong><\/summary>\n<p><em>: <\/em>Y Llywodraeth sy\u2019n penderfynu sut mae pethau\u2019n cael eu rhedeg ac yn rheoli\u2019r materion dydd i ddydd. Maen nhw\u2019n defnyddio\u2019r arian y maen nhw\u2019n ei gael o drethi i dalu a gwneud penderfyniadau am bethau fel ysgolion, ysbytai, y gwasanaethau brys, y lluoedd arfog a\u2019r system gyfreithiol. Mae Senedd y DU yn craffu ar y Llywodraeth.<\/p>\n<\/details>\n<\/div>\n\n\n\n<div class=\"wp-block-column is-layout-flow wp-block-column-is-layout-flow\">\n<details class=\"wp-block-details has-background is-layout-flow wp-block-details-is-layout-flow\" style=\"background:linear-gradient(135deg,rgb(248,185,185) 0%,rgb(248,185,185) 100%)\"><summary><strong><em>Llywodraeth Glymblaid<\/em><\/strong><\/summary>\n<p>gall hyn ddigwydd pan na fydd unrhyw blaid yn ennill mwyafrif llwyr o\u2019r pleidleisiau mewn etholiad. Bydd mwy nag un blaid wleidyddol yn llunio cytundeb rhannu grym i redeg y wlad gyda\u2019i gilydd.<\/p>\n<\/details>\n<\/div>\n<\/div>\n\n\n\n<div style=\"height:50px\" aria-hidden=\"true\" class=\"wp-block-spacer\"><\/div>\n\n\n\n<div class=\"wp-block-columns is-layout-flex wp-container-core-columns-is-layout-9d6595d7 wp-block-columns-is-layout-flex\">\n<div class=\"wp-block-column is-layout-flow wp-block-column-is-layout-flow\">\n<details class=\"wp-block-details has-background is-layout-flow wp-block-details-is-layout-flow\" style=\"background:linear-gradient(135deg,rgb(219,237,251) 0%,rgb(219,237,251) 100%)\"><summary><strong><em>Maniffesto<\/em><\/strong><\/summary>\n<p>Datganiad yw maniffesto y mae plaid wleidyddol yn ei gyhoeddi, fel arfer wrth baratoi ar gyfer etholiad, yn amlinellu eu blaenoriaethau a\u2019r hyn maen nhw\u2019n bwriadu ei wneud pe bydden nhw\u2019n ennill yr etholiad.<\/p>\n<\/details>\n<\/div>\n\n\n\n<div class=\"wp-block-column is-layout-flow wp-block-column-is-layout-flow\">\n<details class=\"wp-block-details has-background is-layout-flow wp-block-details-is-layout-flow\" style=\"background:linear-gradient(135deg,rgb(250,226,205) 0%,rgb(250,226,205) 100%)\"><summary><strong><em>Pleidleisio<\/em><\/strong><\/summary>\n<p>bwrw pleidlais dros unigolyn neu gr\u0175p o bobl er mwyn iddyn nhw wneud swydd, fel bod yn gynghorydd.<\/p>\n<\/details>\n<\/div>\n\n\n\n<div class=\"wp-block-column is-layout-flow wp-block-column-is-layout-flow\">\n<details class=\"wp-block-details has-background is-layout-flow wp-block-details-is-layout-flow\" style=\"background:linear-gradient(135deg,rgb(233,216,246) 0%,rgb(233,216,246) 100%)\"><summary><strong><em>Prif Weinidog<\/em><\/strong><\/summary>\n<p>Prif Weinidog Cymru yw arweinydd y blaid a enillodd y mwyaf o seddi yn Etholiad y Senedd.<\/p>\n<\/details>\n<\/div>\n\n\n\n<div class=\"wp-block-column is-layout-flow wp-block-column-is-layout-flow\">\n<details class=\"wp-block-details has-background is-layout-flow wp-block-details-is-layout-flow\" style=\"background:linear-gradient(135deg,rgb(248,235,203) 0%,rgb(248,235,203) 100%)\"><summary><strong><em>Prif Weinidog y DU<\/em><\/strong><\/summary>\n<p>Prif Weinidog y DU yw arweinydd y blaid a enillodd y mwyaf o seddi yn Etholiad Cyffredinol y DU.<\/p>\n<\/details>\n<\/div>\n\n\n\n<div class=\"wp-block-column is-layout-flow wp-block-column-is-layout-flow\">\n<details class=\"wp-block-details has-background is-layout-flow wp-block-details-is-layout-flow\" style=\"background:linear-gradient(135deg,rgb(207,230,199) 0%,rgb(207,230,199) 100%)\"><summary><strong><em>Rhagfarn<\/em><\/strong><\/summary>\n<p>mae rhywbethsy\u2019n dangos rhagfarn yn cefnogi neu\u2019n gwrthwynebu ymgeisydd neu blaid wleidyddol yn annheg.<\/p>\n<\/details>\n<\/div>\n<\/div>\n\n\n\n<div style=\"height:50px\" aria-hidden=\"true\" class=\"wp-block-spacer\"><\/div>\n\n\n\n<div class=\"wp-block-columns is-layout-flex wp-container-core-columns-is-layout-9d6595d7 wp-block-columns-is-layout-flex\">\n<div class=\"wp-block-column is-layout-flow wp-block-column-is-layout-flow\">\n<details class=\"wp-block-details has-background is-layout-flow wp-block-details-is-layout-flow\" style=\"background:linear-gradient(135deg,rgb(248,185,185) 0%,rgb(248,185,185) 100%)\"><summary><strong><em>Rhif Yswiriant Gwladol<\/em><\/strong><\/summary>\n<p>defnyddir hwn i gael gwybodaeth am eich cyfraniadau treth ac Yswiriant Gwladol, a gofynnir i chi amdano pan fyddwch chi\u2019n cofrestru i bleidleisio. Rydych chi fel arfer yn cael hwn mewn llythyr yn y post cyn eich pen-blwydd yn 16 oed, ond os na allwch chi ddod o hyd i\u2019r llythyr, mae\u2019r rhif i\u2019w weld ar unrhyw slipiau cyflog neu ffurflenni P60 neu P45 rydych chi wedi\u2019u cael. Peidiwch \u00e2 phoeni os nad oes gennych chi un, fe allwch chi gofrestru hebddo.<\/p>\n<\/details>\n<\/div>\n\n\n\n<div class=\"wp-block-column is-layout-flow wp-block-column-is-layout-flow\">\n<details class=\"wp-block-details has-background is-layout-flow wp-block-details-is-layout-flow\" style=\"background:linear-gradient(135deg,rgb(219,237,251) 0%,rgb(219,237,251) 100%)\"><summary><strong><em>Seddi<\/em><\/strong><\/summary>\n<p>os bydd ymgeisydd yn ennill y mwyaf o bleidleisiau mewn etholaeth, yna fe fyddan nhw\u2019n ennill y \u2018sedd\u2019 honno. Y blaid \u00e2\u2019r mwyaf o \u2018seddi\u2019 sy\u2019n ennill yr etholiad ac yn ffurfio\u2019r llywodraeth. <\/p>\n<\/details>\n<\/div>\n\n\n\n<div class=\"wp-block-column is-layout-flow wp-block-column-is-layout-flow\">\n<details class=\"wp-block-details has-background is-layout-flow wp-block-details-is-layout-flow\" style=\"background:linear-gradient(135deg,rgb(250,226,205) 0%,rgb(250,226,205) 100%)\"><summary><strong><em>Senedd<\/em><\/strong><\/summary>\n<p>dyma\u2019r teitl a ddefnyddir yn y Gymraeg a\u2019r Saesneg am ein Senedd ni yng Nghymru. Nhw sy\u2019n gwneud cyfreithiau, yn pennu trethi ac yn goruchwylio gwaith Llywodraeth Cymru.<\/p>\n<\/details>\n<\/div>\n\n\n\n<div class=\"wp-block-column is-layout-flow wp-block-column-is-layout-flow\">\n<details class=\"wp-block-details has-background is-layout-flow wp-block-details-is-layout-flow\" style=\"background:linear-gradient(135deg,rgb(233,216,246) 0%,rgb(233,216,246) 100%)\"><summary><strong><em>Senedd y DU<\/em><\/strong><\/summary>\n<p>Yn y DU, mae\u2019r Senedd yn cynnwys y Brenin, T\u0177\u2019r Cyffredin a Th\u0177\u2019r Arglwyddi. Maen nhw\u2019n codi pynciau i\u2019w trafod, yn gwneud ac yn pasio cyfreithiau newydd ac yn craffu ar y Llywodraeth.<\/p>\n<\/details>\n<\/div>\n\n\n\n<div class=\"wp-block-column is-layout-flow wp-block-column-is-layout-flow\">\n<details class=\"wp-block-details has-background is-layout-flow wp-block-details-is-layout-flow\" style=\"background:linear-gradient(135deg,rgb(248,235,203) 0%,rgb(248,235,203) 100%)\"><summary><strong><em>T\u0177\u2019r Arglwyddi<\/em><\/strong><\/summary>\n<p>mae\u2019n cynnwys pobl nad ydyn nhw wedi\u2019u hethol. Maen nhw\u2019n annibynnol ar D\u0177\u2019r Cyffredin, ond yn ategu ei waith.<\/p>\n<\/details>\n<\/div>\n<\/div>\n\n\n\n<div style=\"height:50px\" aria-hidden=\"true\" class=\"wp-block-spacer\"><\/div>\n\n\n\n<div class=\"wp-block-columns is-layout-flex wp-container-core-columns-is-layout-9d6595d7 wp-block-columns-is-layout-flex\">\n<div class=\"wp-block-column is-layout-flow wp-block-column-is-layout-flow\">\n<details class=\"wp-block-details has-background is-layout-flow wp-block-details-is-layout-flow\" style=\"background:linear-gradient(135deg,rgb(207,230,199) 0%,rgb(207,230,199) 100%)\"><summary><strong><em>T\u0177\u2019r Cyffredin<\/em><\/strong><\/summary>\n<p>mae\u2019n cynnwys yr Aelodau Seneddol y mae\u2019r cyhoedd wedi\u2019u hethol.<\/p>\n<\/details>\n<\/div>\n\n\n\n<div class=\"wp-block-column is-layout-flow wp-block-column-is-layout-flow\">\n<details class=\"wp-block-details has-background is-layout-flow wp-block-details-is-layout-flow\" style=\"background:linear-gradient(135deg,rgb(248,185,185) 0%,rgb(248,185,185) 100%)\"><summary><strong><em>Ymgeiswyr<\/em><\/strong><\/summary>\n<p>ymgeisydd yw\u2019r person y gallwch chi bleidleisio drosto mewn etholiad.<\/p>\n<\/details>\n<\/div>\n\n\n\n<div class=\"wp-block-column is-layout-flow wp-block-column-is-layout-flow\"><\/div>\n\n\n\n<div class=\"wp-block-column is-layout-flow wp-block-column-is-layout-flow\"><\/div>\n\n\n\n<div class=\"wp-block-column is-layout-flow wp-block-column-is-layout-flow\"><\/div>\n<\/div>\n\n\n\n<div style=\"height:50px\" aria-hidden=\"true\" class=\"wp-block-spacer\"><\/div>\n\n\n\n<div class=\"wp-block-columns is-layout-flex wp-container-core-columns-is-layout-9d6595d7 wp-block-columns-is-layout-flex\">\n<div class=\"wp-block-column is-layout-flow wp-block-column-is-layout-flow\"><div class=\"wp-block-image\">\n<figure class=\"aligncenter size-large is-resized\"><a href=\"https:\/\/youngwrexham.co.uk\/cy\/info\/dy-lais-dy-wrecsam\/pleidleisio\/beth-syn-digwydd-ar-ol-ir-pleidleisio-ddod-i-ben\/\"><img decoding=\"async\" src=\"https:\/\/youngwrexham.co.uk\/wp-content\/uploads\/2024\/06\/6-1024x1024.png\" alt=\"\" class=\"wp-image-67454\" style=\"width:130px;height:auto\"\/><\/a><\/figure>\n<\/div>\n\n\n<p class=\"has-text-align-center\"><a href=\"https:\/\/youngwrexham.co.uk\/cy\/info\/dy-lais-dy-wrecsam\/pleidleisio\/beth-syn-digwydd-ar-ol-ir-pleidleisio-ddod-i-ben\/\">Yn \u00f4l: \u2018Beth sy\u2019n digwydd ar \u00f4l i\u2019r pleidleisio ddod i ben?\u2019<\/a><\/p>\n<\/div>\n\n\n\n<div class=\"wp-block-column is-layout-flow wp-block-column-is-layout-flow\"><div class=\"wp-block-image\">\n<figure class=\"aligncenter size-large is-resized\"><a href=\"https:\/\/youngwrexham.co.uk\/cy\/info\/dy-lais-dy-wrecsam\/pleidleisio\/\"><img decoding=\"async\" src=\"https:\/\/youngwrexham.co.uk\/wp-content\/uploads\/2024\/06\/1-1024x1024.png\" alt=\"\" class=\"wp-image-67438\" style=\"width:128px;height:auto\"\/><\/a><\/figure>\n<\/div>\n\n\n<p class=\"has-text-align-center\"><a href=\"https:\/\/youngwrexham.co.uk\/cy\/info\/dy-lais-dy-wrecsam\/pleidleisio\/\">Yn \u00f4l i \u2018Bleidleisio\u2019<\/a><\/p>\n<\/div>\n\n\n\n<div class=\"wp-block-column is-layout-flow wp-block-column-is-layout-flow\">\n<p class=\"has-text-align-center\"><\/p>\n<\/div>\n<\/div>\n","protected":false},"excerpt":{"rendered":"<p>Cliciwch ar y lluniau i gael mwy o wybodaeth Adnodd gwych a ddatblygwyd gan The Democracy Box Ffynhonnell ddiduedd y gellir ymddiried ynddi i gael gwybodaeth ar gyfer popeth sy\u2019n&#8230;<\/p>\n","protected":false},"author":6,"featured_media":8634,"parent":6520,"menu_order":6,"comment_status":"closed","ping_status":"closed","template":"","meta":{"_acf_changed":false,"_monsterinsights_skip_tracking":false,"_monsterinsights_sitenote_active":false,"_monsterinsights_sitenote_note":"","_monsterinsights_sitenote_category":0,"footnotes":""},"class_list":["post-8633","page","type-page","status-publish","has-post-thumbnail","hentry"],"acf":[],"_links":{"self":[{"href":"https:\/\/youngwrexham.co.uk\/cy\/wp-json\/wp\/v2\/pages\/8633","targetHints":{"allow":["GET"]}}],"collection":[{"href":"https:\/\/youngwrexham.co.uk\/cy\/wp-json\/wp\/v2\/pages"}],"about":[{"href":"https:\/\/youngwrexham.co.uk\/cy\/wp-json\/wp\/v2\/types\/page"}],"author":[{"embeddable":true,"href":"https:\/\/youngwrexham.co.uk\/cy\/wp-json\/wp\/v2\/users\/6"}],"replies":[{"embeddable":true,"href":"https:\/\/youngwrexham.co.uk\/cy\/wp-json\/wp\/v2\/comments?post=8633"}],"version-history":[{"count":8,"href":"https:\/\/youngwrexham.co.uk\/cy\/wp-json\/wp\/v2\/pages\/8633\/revisions"}],"predecessor-version":[{"id":8722,"href":"https:\/\/youngwrexham.co.uk\/cy\/wp-json\/wp\/v2\/pages\/8633\/revisions\/8722"}],"up":[{"embeddable":true,"href":"https:\/\/youngwrexham.co.uk\/cy\/wp-json\/wp\/v2\/pages\/6520"}],"wp:featuredmedia":[{"embeddable":true,"href":"https:\/\/youngwrexham.co.uk\/cy\/wp-json\/wp\/v2\/media\/8634"}],"wp:attachment":[{"href":"https:\/\/youngwrexham.co.uk\/cy\/wp-json\/wp\/v2\/media?parent=8633"}],"curies":[{"name":"wp","href":"https:\/\/api.w.org\/{rel}","templated":true}]}}