{"id":8646,"date":"2024-06-20T09:42:24","date_gmt":"2024-06-20T09:42:24","guid":{"rendered":"https:\/\/youngwrexham.co.uk\/cy\/?page_id=8646"},"modified":"2024-07-02T11:04:00","modified_gmt":"2024-07-02T11:04:00","slug":"sut-ydw-in-pleidleisio","status":"publish","type":"page","link":"https:\/\/youngwrexham.co.uk\/cy\/info\/dy-lais-dy-wrecsam\/pleidleisio\/sut-ydw-in-pleidleisio\/","title":{"rendered":"Sut ydw i\u2019n pleidleisio?"},"content":{"rendered":"\n<p class=\"has-text-align-center has-background\" style=\"background:linear-gradient(135deg,rgb(219,237,251) 0%,rgb(219,237,251) 100%)\">Er mwyn gallu pleidleisio mewn unrhyw fath o etholiad, rhaid i chi fod wedi cofrestru. Yng Nghymru, er bod rhaid i chi fod yn 16 neu\u2019n 18 oed i bleidleisio (yn dibynnu ar yr etholiad), fe allwch chi gofrestru i bleidleisio yn 14 oed. Mae angen i chi gofrestru i bleidleisio os nad ydych chi erioed wedi cofrestru o\u2019r blaen, os ydych chi wedi symud t\u0177 yn ddiweddar neu os ydych chi wedi newid eich enw cyfreithiol. Gofynnir i chi am eich rhif Yswiriant Gwladol, ond fe gewch chi gofrestru hyd yn oed os nad oes gennych chi un.<\/p>\n\n\n\n<p class=\"has-text-align-center\"><strong><a href=\"https:\/\/www.gov.uk\/register-to-vote\">Fe allwch chi gofrestru i bleidleisio yma<\/a><\/strong>:<\/p>\n\n\n<div class=\"wp-block-image\">\n<figure class=\"aligncenter size-full is-resized\"><a href=\"https:\/\/www.gov.uk\/cofrestru-i-bleidleisio\"><img loading=\"lazy\" decoding=\"async\" width=\"500\" height=\"152\" src=\"https:\/\/youngwrexham.co.uk\/cy\/wp-content\/uploads\/sites\/3\/2024\/06\/Add-a-heading-7.png\" alt=\"\" class=\"wp-image-8615\" style=\"width:408px;height:auto\" srcset=\"https:\/\/youngwrexham.co.uk\/cy\/wp-content\/uploads\/sites\/3\/2024\/06\/Add-a-heading-7.png 500w, https:\/\/youngwrexham.co.uk\/cy\/wp-content\/uploads\/sites\/3\/2024\/06\/Add-a-heading-7-300x91.png 300w\" sizes=\"auto, (max-width: 500px) 100vw, 500px\" \/><\/a><\/figure>\n<\/div>\n\n\n<div class=\"wp-block-columns is-layout-flex wp-container-core-columns-is-layout-9d6595d7 wp-block-columns-is-layout-flex\">\n<div class=\"wp-block-column is-vertically-aligned-center is-layout-flow wp-block-column-is-layout-flow\" style=\"flex-basis:33.33%\"><div class=\"wp-block-image\">\n<figure class=\"aligncenter size-large\"><img decoding=\"async\" src=\"https:\/\/youngwrexham.co.uk\/wp-content\/uploads\/2024\/06\/poll-card-1024x729.png\" alt=\"\" class=\"wp-image-67502\"\/><\/figure>\n<\/div><\/div>\n\n\n\n<div class=\"wp-block-column is-vertically-aligned-center is-layout-flow wp-block-column-is-layout-flow\" style=\"flex-basis:66.66%\">\n<p class=\"has-text-align-center has-background\" style=\"background:linear-gradient(135deg,rgb(250,226,205) 0%,rgb(250,226,205) 100%)\">Cyn Diwrnod yr Etholiad (Diwrnod y Bleidlais), fe gewch chi gerdyn pleidleisio. Bydd pawb sydd wedi cofrestru i bleidleisio yn eich aelwyd yn cael eu cerdyn pleidleisio eu hunain. Bydd eich cerdyn pleidleisio\u2019n cyrraedd eich cyfeiriad cofrestredig yn y post ychydig wythnosau cyn diwrnod yr etholiad. Bydd yn dweud wrthych chi i ba orsaf bleidleisio y mae angen i chi fynd i fwrw\u2019ch pleidlais.<\/p>\n<\/div>\n<\/div>\n\n\n\n<div class=\"wp-block-columns is-layout-flex wp-container-core-columns-is-layout-9d6595d7 wp-block-columns-is-layout-flex\">\n<div class=\"wp-block-column is-vertically-aligned-center is-layout-flow wp-block-column-is-layout-flow\" style=\"flex-basis:50%\">\n<p class=\"has-text-align-center has-background\" style=\"background:linear-gradient(135deg,rgb(233,216,246) 0%,rgb(233,216,246) 100%)\">Os na allwch chi fynd i\u2019r orsaf bleidleisio ar Ddiwrnod yr Etholiad, mae yna ffyrdd eraill o bleidleisio. Fe allwch chi bleidleisio drwy\u2019r post neu ofyn i rywun rydych chi\u2019n ymddiried ynddyn nhw bleidleisio ar eich rhan (drwy ddirprwy). Bydd rhaid i chi wneud cais i wneud hyn ychydig wythnosau cyn Diwrnod yr Etholiad.<\/p>\n<\/div>\n\n\n\n<div class=\"wp-block-column is-layout-flow wp-block-column-is-layout-flow\" style=\"flex-basis:50%\">\n<figure class=\"wp-block-embed is-type-video is-provider-youtube wp-block-embed-youtube wp-embed-aspect-16-9 wp-has-aspect-ratio\"><div class=\"wp-block-embed__wrapper\">\n<iframe loading=\"lazy\" title=\"Canllaw cyflym i bleidleisio: Ffyrdd eraill o bleidleisio\" width=\"500\" height=\"281\" src=\"https:\/\/www.youtube.com\/embed\/yIFV1e0XX-I?feature=oembed\" frameborder=\"0\" allow=\"accelerometer; autoplay; clipboard-write; encrypted-media; gyroscope; picture-in-picture; web-share\" referrerpolicy=\"strict-origin-when-cross-origin\" allowfullscreen><\/iframe>\n<\/div><\/figure>\n<\/div>\n<\/div>\n\n\n\n<div class=\"wp-block-columns is-layout-flex wp-container-core-columns-is-layout-9d6595d7 wp-block-columns-is-layout-flex\">\n<div class=\"wp-block-column is-layout-flow wp-block-column-is-layout-flow\" style=\"flex-basis:50%\">\n<figure class=\"wp-block-embed is-type-video is-provider-youtube wp-block-embed-youtube wp-embed-aspect-16-9 wp-has-aspect-ratio\"><div class=\"wp-block-embed__wrapper\">\n<iframe loading=\"lazy\" title=\"Croeso i dy bleidlais - sut i bleidleisio mewn gorsaf bleidleisio yng Nghymru\" width=\"500\" height=\"281\" src=\"https:\/\/www.youtube.com\/embed\/zNOENgFCO5s?feature=oembed\" frameborder=\"0\" allow=\"accelerometer; autoplay; clipboard-write; encrypted-media; gyroscope; picture-in-picture; web-share\" referrerpolicy=\"strict-origin-when-cross-origin\" allowfullscreen><\/iframe>\n<\/div><\/figure>\n<\/div>\n\n\n\n<div class=\"wp-block-column is-vertically-aligned-center is-layout-flow wp-block-column-is-layout-flow\" style=\"flex-basis:50%\">\n<p class=\"has-text-align-center has-background\" style=\"background:linear-gradient(135deg,rgb(248,235,203) 0%,rgb(248,235,203) 98%)\">Os byddwch chi\u2019n dewis <a href=\"https:\/\/www.electoralcommission.org.uk\/cy\/adnoddau\/adnoddau-i-bobl-ifanc\/eich-pleidlais\/ways-vote\/pleidleision-bersonol\">mynd i\u2019r orsaf bleidleisio i fwrw\u2019ch pleidlais<\/a> mewn Etholiad Cyffredinol neu Etholiad Comisiynydd yr Heddlu a Throsedd, bydd angen i chi gofio mynd \u00e2 phrawf adnabod \u00e2 llun gyda chi. Mae rhestr o\u2019r mathau o brawf adnabod \u00e2 llun sy\u2019n dderbyniol i\u2019w gweld <a href=\"https:\/\/www.electoralcommission.org.uk\/cy\/pleidleisio-ac-etholiadau\/id-pleidleisiwr\/mathau-o-id-ffotograffig-a-dderbynnir\">yma<\/a>. Peidiwch \u00e2 phoeni os yw dyddiad eich prawf adnabod \u00e2 llun wedi dod i ben, fe allwch chi ei ddefnyddio cyn belled \u00e2\u2019ch bod chi\u2019n dal i edrych yr un fath ag yn y llun. Os nad oes gennych chi brawf adnabod \u00e2 llun addas, fe allwch chi wneud cais am brawf adnabod i bleidleisio am ddim <a href=\"https:\/\/www.gov.uk\/ceisio-am-lun-id-tystysgrif-awdurdod-pleidleiswyr\">yma<\/a>, neu gysylltu \u00e2\u2019ch cyngor lleol.<\/p>\n<\/div>\n<\/div>\n\n\n\n<figure class=\"wp-block-embed is-type-video is-provider-youtube wp-block-embed-youtube wp-embed-aspect-16-9 wp-has-aspect-ratio\"><div class=\"wp-block-embed__wrapper\">\n<iframe loading=\"lazy\" title=\"Canllaw cyflym i bleidleisio: Beth i&#039;w ddisgwyl yn yr orsaf bleidleisio\" width=\"500\" height=\"281\" src=\"https:\/\/www.youtube.com\/embed\/JfdXrRlr5to?feature=oembed\" frameborder=\"0\" allow=\"accelerometer; autoplay; clipboard-write; encrypted-media; gyroscope; picture-in-picture; web-share\" referrerpolicy=\"strict-origin-when-cross-origin\" allowfullscreen><\/iframe>\n<\/div><\/figure>\n\n\n\n<div style=\"height:50px\" aria-hidden=\"true\" class=\"wp-block-spacer\"><\/div>\n\n\n\n<div class=\"wp-block-columns is-layout-flex wp-container-core-columns-is-layout-9d6595d7 wp-block-columns-is-layout-flex\">\n<div class=\"wp-block-column is-layout-flow wp-block-column-is-layout-flow\"><div class=\"wp-block-image\">\n<figure class=\"aligncenter size-large is-resized\"><a href=\"https:\/\/youngwrexham.co.uk\/cy\/info\/dy-lais-dy-wrecsam\/pleidleisio\/sut-ydw-in-gwybod-dros-bwy-i-bleidleisio\/\"><img decoding=\"async\" src=\"http:\/\/youngwrexham.co.uk\/wp-content\/uploads\/2024\/06\/4-1024x1024.png\" alt=\"\" class=\"wp-image-67461\" style=\"width:127px;height:auto\"\/><\/a><\/figure>\n<\/div>\n\n\n<p class=\"has-text-align-center\"><a href=\"https:\/\/youngwrexham.co.uk\/cy\/info\/dy-lais-dy-wrecsam\/pleidleisio\/sut-ydw-in-gwybod-dros-bwy-i-bleidleisio\/\">Yn \u00f4l: &#8216;Sut ydw i\u2019n gwybod dros bwy i bleidleisio?&#8217;<\/a><\/p>\n<\/div>\n\n\n\n<div class=\"wp-block-column is-layout-flow wp-block-column-is-layout-flow\"><div class=\"wp-block-image\">\n<figure class=\"aligncenter size-large is-resized\"><a href=\"https:\/\/youngwrexham.co.uk\/cy\/info\/dy-lais-dy-wrecsam\/pleidleisio\/\"><img decoding=\"async\" src=\"https:\/\/youngwrexham.co.uk\/wp-content\/uploads\/2024\/06\/1-1024x1024.png\" alt=\"\" class=\"wp-image-67438\" style=\"width:128px;height:auto\"\/><\/a><\/figure>\n<\/div>\n\n\n<p class=\"has-text-align-center\"><a href=\"https:\/\/youngwrexham.co.uk\/cy\/info\/dy-lais-dy-wrecsam\/pleidleisio\/\">Yn \u00f4l i \u2018Bleidleisio\u2019<\/a><\/p>\n<\/div>\n\n\n\n<div class=\"wp-block-column is-layout-flow wp-block-column-is-layout-flow\"><div class=\"wp-block-image\">\n<figure class=\"aligncenter size-large is-resized\"><a href=\"https:\/\/youngwrexham.co.uk\/cy\/info\/dy-lais-dy-wrecsam\/pleidleisio\/beth-syn-digwydd-ar-ol-ir-pleidleisio-ddod-i-ben\/\"><img decoding=\"async\" src=\"https:\/\/youngwrexham.co.uk\/wp-content\/uploads\/2024\/06\/6-1-1024x1024.png\" alt=\"\" class=\"wp-image-67505\" style=\"width:128px;height:auto\"\/><\/a><\/figure>\n<\/div>\n\n\n<p class=\"has-text-align-center\"><a href=\"https:\/\/youngwrexham.co.uk\/cy\/info\/dy-lais-dy-wrecsam\/pleidleisio\/beth-syn-digwydd-ar-ol-ir-pleidleisio-ddod-i-ben\/\">Nesaf: &#8216;Beth sy&#8217;n digwydd ar \u00f4l i&#8217;r pleidleisio ddod i ben?&#8217;<\/a><\/p>\n<\/div>\n<\/div>\n\n\n\n<div style=\"height:50px\" aria-hidden=\"true\" class=\"wp-block-spacer\"><\/div>\n\n\n\n<h4 class=\"wp-block-heading\"><strong>TERMAU ALLWEDDOL<\/strong><\/h4>\n\n\n\n<ul class=\"has-small-font-size wp-block-list\">\n<li><strong><em>Etholiad<\/em><\/strong><em>: <\/em>pan mae pleidlais yn cael ei chynnal ac mae\u2019r cyhoedd yn cael pleidleisio dros ymgeisydd.<\/li>\n\n\n\n<li class=\"has-small-font-size\"><strong><em>Cofrestru i bleidleisio<\/em><\/strong><em>: <\/em>mae bod wedi cofrestru i bleidleisio yn golygu eich bod ar y Gofrestr Etholiadol a\u2019ch bod yn cael pleidleisio mewn etholiadau cymwys.<\/li>\n\n\n\n<li><strong><em>Rhif Yswiriant Gwladol<\/em><\/strong><em>: <\/em>defnyddir hwn i gael gwybodaeth am eich cyfraniadau treth ac Yswiriant Gwladol, a gofynnir i chi amdano pan fyddwch chi\u2019n cofrestru i bleidleisio. Rydych chi fel arfer yn cael hwn mewn llythyr yn y post cyn eich pen-blwydd yn 16 oed, ond os na allwch chi ddod o hyd i\u2019r llythyr, mae\u2019r rhif i\u2019w weld ar unrhyw slipiau cyflog neu ffurflenni P60 neu P45 rydych chi wedi\u2019u cael. Peidiwch \u00e2 phoeni os nad oes gennych chi un, fe allwch chi gofrestru hebddo.<\/li>\n\n\n\n<li><strong><em>Etholiad Cyffredinol<\/em><\/strong><em>: <\/em>Etholiad y DU ar gyfer Aelodau Seneddol.<\/li>\n<\/ul>\n","protected":false},"excerpt":{"rendered":"<p>Er mwyn gallu pleidleisio mewn unrhyw fath o etholiad, rhaid i chi fod wedi cofrestru. Yng Nghymru, er bod rhaid i chi fod yn 16 neu\u2019n 18 oed i bleidleisio&#8230;<\/p>\n","protected":false},"author":6,"featured_media":8627,"parent":6520,"menu_order":4,"comment_status":"closed","ping_status":"closed","template":"","meta":{"_acf_changed":false,"_monsterinsights_skip_tracking":false,"_monsterinsights_sitenote_active":false,"_monsterinsights_sitenote_note":"","_monsterinsights_sitenote_category":0,"footnotes":""},"class_list":["post-8646","page","type-page","status-publish","has-post-thumbnail","hentry"],"acf":[],"_links":{"self":[{"href":"https:\/\/youngwrexham.co.uk\/cy\/wp-json\/wp\/v2\/pages\/8646","targetHints":{"allow":["GET"]}}],"collection":[{"href":"https:\/\/youngwrexham.co.uk\/cy\/wp-json\/wp\/v2\/pages"}],"about":[{"href":"https:\/\/youngwrexham.co.uk\/cy\/wp-json\/wp\/v2\/types\/page"}],"author":[{"embeddable":true,"href":"https:\/\/youngwrexham.co.uk\/cy\/wp-json\/wp\/v2\/users\/6"}],"replies":[{"embeddable":true,"href":"https:\/\/youngwrexham.co.uk\/cy\/wp-json\/wp\/v2\/comments?post=8646"}],"version-history":[{"count":5,"href":"https:\/\/youngwrexham.co.uk\/cy\/wp-json\/wp\/v2\/pages\/8646\/revisions"}],"predecessor-version":[{"id":8715,"href":"https:\/\/youngwrexham.co.uk\/cy\/wp-json\/wp\/v2\/pages\/8646\/revisions\/8715"}],"up":[{"embeddable":true,"href":"https:\/\/youngwrexham.co.uk\/cy\/wp-json\/wp\/v2\/pages\/6520"}],"wp:featuredmedia":[{"embeddable":true,"href":"https:\/\/youngwrexham.co.uk\/cy\/wp-json\/wp\/v2\/media\/8627"}],"wp:attachment":[{"href":"https:\/\/youngwrexham.co.uk\/cy\/wp-json\/wp\/v2\/media?parent=8646"}],"curies":[{"name":"wp","href":"https:\/\/api.w.org\/{rel}","templated":true}]}}